{"id":2523,"date":"2025-03-21T14:20:39","date_gmt":"2025-03-21T13:20:39","guid":{"rendered":"https:\/\/dzjing.be\/conditions-generales-dutilisation\/"},"modified":"2025-06-02T18:30:40","modified_gmt":"2025-06-02T16:30:40","slug":"conditions-generales-dutilisation","status":"publish","type":"page","link":"https:\/\/dzjing.be\/fr\/conditions-generales-dutilisation\/","title":{"rendered":"Conditions g\u00e9n\u00e9rales d&rsquo;utilisation"},"content":{"rendered":"\t\t<div data-elementor-type=\"wp-page\" data-elementor-id=\"2523\" class=\"elementor elementor-2523 elementor-805\" data-elementor-settings=\"{&quot;element_pack_global_tooltip_width&quot;:{&quot;unit&quot;:&quot;px&quot;,&quot;size&quot;:&quot;&quot;,&quot;sizes&quot;:[]},&quot;element_pack_global_tooltip_width_tablet&quot;:{&quot;unit&quot;:&quot;px&quot;,&quot;size&quot;:&quot;&quot;,&quot;sizes&quot;:[]},&quot;element_pack_global_tooltip_width_mobile&quot;:{&quot;unit&quot;:&quot;px&quot;,&quot;size&quot;:&quot;&quot;,&quot;sizes&quot;:[]},&quot;element_pack_global_tooltip_padding&quot;:{&quot;unit&quot;:&quot;px&quot;,&quot;top&quot;:&quot;&quot;,&quot;right&quot;:&quot;&quot;,&quot;bottom&quot;:&quot;&quot;,&quot;left&quot;:&quot;&quot;,&quot;isLinked&quot;:true},&quot;element_pack_global_tooltip_padding_tablet&quot;:{&quot;unit&quot;:&quot;px&quot;,&quot;top&quot;:&quot;&quot;,&quot;right&quot;:&quot;&quot;,&quot;bottom&quot;:&quot;&quot;,&quot;left&quot;:&quot;&quot;,&quot;isLinked&quot;:true},&quot;element_pack_global_tooltip_padding_mobile&quot;:{&quot;unit&quot;:&quot;px&quot;,&quot;top&quot;:&quot;&quot;,&quot;right&quot;:&quot;&quot;,&quot;bottom&quot;:&quot;&quot;,&quot;left&quot;:&quot;&quot;,&quot;isLinked&quot;:true},&quot;element_pack_global_tooltip_border_radius&quot;:{&quot;unit&quot;:&quot;px&quot;,&quot;top&quot;:&quot;&quot;,&quot;right&quot;:&quot;&quot;,&quot;bottom&quot;:&quot;&quot;,&quot;left&quot;:&quot;&quot;,&quot;isLinked&quot;:true},&quot;element_pack_global_tooltip_border_radius_tablet&quot;:{&quot;unit&quot;:&quot;px&quot;,&quot;top&quot;:&quot;&quot;,&quot;right&quot;:&quot;&quot;,&quot;bottom&quot;:&quot;&quot;,&quot;left&quot;:&quot;&quot;,&quot;isLinked&quot;:true},&quot;element_pack_global_tooltip_border_radius_mobile&quot;:{&quot;unit&quot;:&quot;px&quot;,&quot;top&quot;:&quot;&quot;,&quot;right&quot;:&quot;&quot;,&quot;bottom&quot;:&quot;&quot;,&quot;left&quot;:&quot;&quot;,&quot;isLinked&quot;:true}}\" data-elementor-post-type=\"page\">\n\t\t\t\t<div data-dce-background-image-url=\"https:\/\/dzjing.be\/wp-content\/uploads\/2025\/03\/stylized-map-33.png\" class=\"elementor-element elementor-element-6a022ca e-flex e-con-boxed e-con e-parent\" data-id=\"6a022ca\" data-element_type=\"container\" data-e-type=\"container\" data-settings=\"{&quot;background_background&quot;:&quot;classic&quot;}\">\n\t\t\t\t\t<div class=\"e-con-inner\">\n\t\t<div class=\"elementor-element elementor-element-f1365a4 e-con-full e-flex e-con e-child\" data-id=\"f1365a4\" data-element_type=\"container\" data-e-type=\"container\">\n\t\t\t\t<div class=\"elementor-element elementor-element-a4b91af elementor-widget elementor-widget-heading\" data-id=\"a4b91af\" data-element_type=\"widget\" data-e-type=\"widget\" data-widget_type=\"heading.default\">\n\t\t\t\t<div class=\"elementor-widget-container\">\n\t\t\t\t\t<h1 class=\"elementor-heading-title elementor-size-default\">Conditions g\u00e9n\u00e9rales d'utilisation<\/h1>\t\t\t\t<\/div>\n\t\t\t\t<\/div>\n\t\t\t\t<\/div>\n\t\t\t\t\t<\/div>\n\t\t\t\t<\/div>\n\t\t<div class=\"elementor-element elementor-element-419265a e-flex e-con-boxed e-con e-parent\" data-id=\"419265a\" data-element_type=\"container\" data-e-type=\"container\">\n\t\t\t\t\t<div class=\"e-con-inner\">\n\t\t\t\t<div class=\"elementor-element elementor-element-264b652 elementor-widget elementor-widget-text-editor\" data-id=\"264b652\" data-element_type=\"widget\" data-e-type=\"widget\" data-widget_type=\"text-editor.default\">\n\t\t\t\t<div class=\"elementor-widget-container\">\n\t\t\t\t\t\t\t\t\t<h2 class=\"p1\">1. Conditions g\u00e9n\u00e9rales de validit\u00e9<\/h2><p>Le site web <a href=\"http:\/\/dzjing.be\"><span class=\"s1\">dzjing.be<\/span><\/a> est la propri\u00e9t\u00e9 de DZJING BV. Le vendeur DZJING BV est enregistr\u00e9 sous le num\u00e9ro de TVA BE0767509233. Chaque commande vaut acceptation des conditions g\u00e9n\u00e9rales par l&rsquo;acheteur. Ces conditions g\u00e9n\u00e9rales font partie int\u00e9grante du contrat tel que d\u00e9crit ci-dessous.   <\/p><p class=\"p1\">DZJING BV<br>Bronstraat 77\/4<br>+32474345309<br><a href=\"mailto:info@dzjing.be\"><span class=\"s1\">info@dzjing.be<\/span><\/a><b><br><\/b>Num\u00e9ro de TVA : BE0767509233 <br>FORTIS : BE09001906569857<\/p><h2>2. Prix, offres et conditions de paiement<\/h2><p>Les prix des produits et services sur le webshop shop.dzjing.be sont indiqu\u00e9s en euros, TVA comprise et hors frais de transport et\/ou autres taxes ou autres pr\u00e9l\u00e8vements, sauf indication contraire ou accord \u00e9crit. Le paiement peut \u00eatre effectu\u00e9 par l&rsquo;un des moyens indiqu\u00e9s au cours du processus de commande. Les commandes ne deviennent effectives qu&rsquo;\u00e0 partir du moment o\u00f9 le paiement est re\u00e7u par DZJING. En cas de non-paiement, DZJING se r\u00e9serve le droit de suspendre ou de r\u00e9silier (l&rsquo;ex\u00e9cution de) l&rsquo;accord relatif \u00e0 et les accords connexes. Toutes les offres sont sans engagement et DZJING se r\u00e9serve le droit de modifier les prix. Si les produits et services offerts subissent une augmentation de prix pendant la p\u00e9riode entre la passation de la commande et son ex\u00e9cution, l&rsquo;acheteur a le droit d&rsquo;annuler la commande et de r\u00e9silier le contrat dans les sept (7) jours suivant l&rsquo;annonce de l&rsquo;augmentation de prix par DZJING. Le prix indiqu\u00e9 se r\u00e9f\u00e8re exclusivement aux articles tels qu&rsquo;ils sont d\u00e9crits textuellement. Les photos d&rsquo;accompagnement ont un caract\u00e8re d\u00e9coratif et peuvent contenir des \u00e9l\u00e9ments qui ne sont pas inclus dans le prix. Les factures sont payables \u00e0 notre si\u00e8ge social, Bronstraat 77\/4, 2400 Mol, Belgique.<br>Pour \u00eatre recevable, toute r\u00e9clamation concernant les factures doit \u00eatre formul\u00e9e en d\u00e9tail par lettre recommand\u00e9e dans les trois (3) jours de la r\u00e9ception de la facture.        <\/p><p>L&rsquo;absence de r\u00e9action imm\u00e9diate \u00e0 un manquement de l&rsquo;Acheteur ne peut en aucun cas \u00eatre consid\u00e9r\u00e9e comme une renonciation de notre part \u00e0 invoquer ce manquement ult\u00e9rieurement.<br>DZJING accepte diff\u00e9rents modes de paiement via la plateforme Mollie.<\/p><h2>3. Acceptation de la commande<\/h2><p>Une commande n&rsquo;engage pas DZJING tant qu&rsquo;elle n&rsquo;a pas \u00e9t\u00e9 confirm\u00e9e par e-mail par DZJING ou tant que l&rsquo;ex\u00e9cution de la commande n&rsquo;a pas commenc\u00e9. DZJING se r\u00e9serve le droit de refuser des commandes ou de les soumettre \u00e0 certaines conditions, sauf indication contraire expresse. Toutes les informations relatives aux produits, aux prix et aux commandes sont susceptibles d&rsquo;\u00eatre modifi\u00e9es et corrig\u00e9es \u00e0 tout moment.  <\/p><h2 class=\"p1\">4. Livraison<\/h2><p>Les d\u00e9lais de livraison indiqu\u00e9s par DZJING sont indicatifs. Le d\u00e9lai de livraison maximum est de 30 jours apr\u00e8s r\u00e9ception de la commande. Le d\u00e9passement d&rsquo;un d\u00e9lai de livraison ne donne pas droit \u00e0 une indemnisation de l&rsquo;acheteur, ni \u00e0 l&rsquo;annulation de la commande ou du contrat, sauf si le d\u00e9passement du d\u00e9lai de livraison est tel que l&rsquo;on ne peut plus raisonnablement s&rsquo;attendre \u00e0 ce que l&rsquo;acheteur respecte le contrat. Dans ce cas, l&rsquo;acheteur a le droit d&rsquo;annuler la commande ou, le cas \u00e9ch\u00e9ant, de r\u00e9silier le contrat. L&rsquo;acheteur est responsable des erreurs de livraison dues \u00e0 une adresse de livraison erron\u00e9e. Dans ce cas, des frais suppl\u00e9mentaires peuvent s&rsquo;appliquer. En cas de non-livraison, tous les montants pay\u00e9s par l&rsquo;acheteur seront rembours\u00e9s sans int\u00e9r\u00eat ni autre compensation. Si vous avez command\u00e9 un produit qui n&rsquo;est pas en stock, cela vous sera communiqu\u00e9. Une fois que les produits \u00e0 livrer ont \u00e9t\u00e9 livr\u00e9s \u00e0 l&rsquo;adresse de livraison sp\u00e9cifi\u00e9e, le risque, en ce qui concerne ces produits, est transf\u00e9r\u00e9 \u00e0 l&rsquo;acheteur.        <span class=\"Apple-converted-space\">  <\/span>Des conditions diff\u00e9rentes peuvent s&rsquo;appliquer aux livraisons \u00e0 l&rsquo;\u00e9tranger. Les livraisons sont effectu\u00e9es en personne, par la poste ou par un service de messagerie. Vous serez inform\u00e9 des frais de livraison ou d&rsquo;exp\u00e9dition avant de confirmer votre achat. Si les frais d&rsquo;exp\u00e9dition ne peuvent pas \u00eatre calcul\u00e9s automatiquement, cela sera indiqu\u00e9 et\/ou une indication des frais d&rsquo;exp\u00e9dition sera incluse.   <\/p><h2>5. R\u00e9serve de propri\u00e9t\u00e9<\/h2><p>Les marchandises livr\u00e9es restent la propri\u00e9t\u00e9 de DZJING jusqu&rsquo;au paiement int\u00e9gral du prix, en ce compris tous les frais et charges, int\u00e9r\u00eats de n\u00e9gligence et indemnit\u00e9s. En cas de non-paiement, nous nous r\u00e9servons le droit de reprendre les marchandises, de plein droit et aux frais de l&rsquo;acheteur. <\/p><h2 class=\"p1\">6. Plaintes<\/h2><p>Pour \u00eatre recevables, les plaintes doivent \u00eatre adress\u00e9es \u00e0 DZJING \u00e0 l&rsquo;adresse suivante <a href=\"mailto:info@DZJING.BE\"><span class=\"s1\">info@DZJING.BE<\/span><\/a>. Si la livraison n&rsquo;est pas conforme \u00e0 la commande de l&rsquo;acheteur, les r\u00e9clamations doivent \u00eatre adress\u00e9es dans les sept (7) jours suivant la commande. En cas de vices cach\u00e9s, dans un d\u00e9lai de sept (7) jours apr\u00e8s la d\u00e9couverte du d\u00e9faut. Dans cette communication \u00e9crite, l&rsquo;acheteur doit d\u00e9crire le dommage et en fournir la preuve par une photo.   <\/p><h2>7. Garantie<\/h2><p>La garantie de DZJING est limit\u00e9e \u00e0 la garantie des vices cach\u00e9s et \u00e0 la loi sur la garantie du consommateur, toutes deux mentionn\u00e9es dans le Code civil belge. DZJING est responsable des dommages pour autant qu&rsquo;ils soient la cons\u00e9quence d&rsquo;une faute grave ou d&rsquo;une intention malveillante. DZJING n&rsquo;est pas responsable des dommages indirects g\u00e9n\u00e9raux ou particuliers, de quelque nature qu&rsquo;ils soient, qui auraient \u00e9t\u00e9 caus\u00e9s par l&rsquo;acheteur.  <\/p><h2>8. Distance \u00e0 droite &#8211; Retours<\/h2><p>L&rsquo;acheteur peut exercer son droit de renonciation dans les 14 jours suivant la livraison du produit ou la signature d&rsquo;un contrat de service, sans p\u00e9nalit\u00e9 et sans indication de motifs. Il peut le faire en nous le notifiant par \u00e9crit par courrier \u00e9lectronique \u00e0 l&rsquo;adresse info@DZJING.be. Si l&rsquo;acheteur invoque ce droit, les produits doivent \u00eatre renvoy\u00e9s dans leur \u00e9tat et emballage d&rsquo;origine \u00e0 DZJING, Bronstraat 77\/4, 2400 Mol, Belgique, aux frais et risques de l&rsquo;acheteur. Pour garantir une livraison s\u00fbre du colis, nous vous recommandons d&rsquo;utiliser un service de courrier assur\u00e9. L&rsquo;acheteur est responsable de l&rsquo;exp\u00e9dition du retour. La possibilit\u00e9 de r\u00e9tractation ne s&rsquo;applique pas en cas de livraison de biens fabriqu\u00e9s selon les sp\u00e9cifications du consommateur ou de nature clairement personnelle. Les retours contre remboursement ne sont pas accept\u00e9s. Le paiement du retour sera effectu\u00e9 sur le num\u00e9ro de compte que vous avez fourni apr\u00e8s r\u00e9ception et v\u00e9rification de l&rsquo;envoi de retour.       <\/p><h2 class=\"p1\">9. La force majeure<\/h2><p>DZJING ne peut \u00eatre tenu responsable d \u00ab \u00e9ventuels retards dans l&rsquo;ex\u00e9cution ou la non-ex\u00e9cution de ses obligations caus\u00e9s par des circonstances ind\u00e9pendantes de sa volont\u00e9. Ces circonstances comprennent les probl\u00e8mes d&rsquo;approvisionnement ou de manque de mati\u00e8res premi\u00e8res, l&rsquo;interruption ou la suspension permanente de la production, les gr\u00e8ves, les lock-out, toute autre forme d&rsquo;interruption d&rsquo;activit\u00e9 ou de conflit commercial, les pannes d \u00bb \u00e9lectricit\u00e9 ou la non-livraison ou la livraison tardive affectant DZJING et\/ou les fournisseurs de DZJING, m\u00eame si ces circonstances \u00e9taient pr\u00e9visibles. Si DZJING n&rsquo;agit pas imm\u00e9diatement contre une d\u00e9faillance de l&rsquo;acheteur, cela ne peut en aucun cas \u00eatre consid\u00e9r\u00e9 comme une n\u00e9gligence de la part de DZJING d&rsquo;invoquer cette d\u00e9faillance ult\u00e9rieurement.  <\/p><h2 class=\"p1\">10. Informations personnelles<\/h2><p>En passant une commande sur le site web de DZJING, l&rsquo;acheteur accepte officiellement le traitement de ses donn\u00e9es personnelles \u00e0 des fins administratives, telles que la gestion des dossiers clients, des commandes, des factures et des livraisons et le suivi de la solvabilit\u00e9 financi\u00e8re. Les donn\u00e9es personnelles ne seront utilis\u00e9es \u00e0 des fins de promotion, de publicit\u00e9 personnalis\u00e9e et\/ou \u00e0 d&rsquo;autres fins li\u00e9es au marketing que si l&rsquo;acheteur y consent explicitement lors de la passation de sa commande. L&rsquo;acheteur peut modifier cet accord \u00e0 tout moment. DZJING ne transmettra pas les donn\u00e9es personnelles \u00e0 des tiers. L&rsquo;acheteur a le droit de consulter et de modifier ses donn\u00e9es personnelles \u00e0 tout moment. L&rsquo;acheteur a \u00e9galement le droit de s&rsquo;opposer &#8211; gratuitement &#8211; au traitement de ses donn\u00e9es personnelles \u00e0 des fins de marketing direct. Pour plus d&rsquo;informations, l&rsquo;acheteur peut contacter la Commission de la protection de la vie priv\u00e9e \u00e0 Bruxelles.      <\/p><h2 class=\"p1\">11. Propri\u00e9t\u00e9 intellectuelle  <\/h2><p>Notre site web, nos logos, textes, photos, noms et en g\u00e9n\u00e9ral toutes nos communications sont prot\u00e9g\u00e9s par des droits de propri\u00e9t\u00e9 intellectuelle qui nous appartiennent ou qui appartiennent \u00e0 nos fournisseurs ou \u00e0 d&rsquo;autres d\u00e9tenteurs de droits. Il vous est interdit d&rsquo;utiliser et\/ou de modifier les droits de propri\u00e9t\u00e9 intellectuelle d\u00e9crits dans cet article. Par exemple, vous ne pouvez pas copier ou reproduire des dessins, des photos, des noms, des textes, des logos, des combinaisons de couleurs, etc. sans notre accord \u00e9crit pr\u00e9alable et explicite.<br>DZJING est une marque d\u00e9pos\u00e9e au Benelux.  <\/p><h2>12. Utilisation de cookies  <\/h2><p>Notre site web utilise des cookies qui permettent de placer des \u00ab t\u00e9moins \u00bb sur le disque dur de votre ordinateur lors d&rsquo;une visite sur notre site. Un cookie est un fichier texte qui est plac\u00e9 par le serveur d&rsquo;un site web dans le navigateur de votre ordinateur ou sur votre appareil mobile lorsque vous consultez un site web. Les cookies sont utilis\u00e9s pour optimiser votre visite. Les cookies ne peuvent pas \u00eatre utilis\u00e9s pour identifier des personnes, un cookie ne peut identifier qu&rsquo;une machine.   <\/p><p>Vous pouvez configurer votre navigateur Internet pour qu&rsquo;il n&rsquo;accepte pas les cookies, pour qu&rsquo;il vous avertisse lorsqu&rsquo;un cookie est install\u00e9 ou pour qu&rsquo;il supprime ensuite les cookies de votre disque dur. Vous pouvez le faire dans les param\u00e8tres de votre navigateur (via la fonction d&rsquo;aide). Veuillez noter que certains \u00e9l\u00e9ments graphiques peuvent ne pas appara\u00eetre correctement ou que vous pouvez ne pas \u00eatre en mesure d&rsquo;utiliser certaines applications.  <\/p><p>En utilisant notre site web, vous acceptez que nous utilisions des cookies.<\/p><h2 class=\"p1\">13. \u00c9preuve<\/h2><p>Les parties concern\u00e9es conviennent qu&rsquo;un contrat valable sera \u00e9tabli en utilisant des moyens de communication \u00e9lectroniques.<\/p><h2>14. Divers et vari\u00e9s<\/h2><p>Si une ou plusieurs dispositions de l&rsquo;accord sont d\u00e9clar\u00e9es nulles et non avenues, cela n&rsquo;affectera en rien la validit\u00e9 des autres dispositions. DZJING est en droit de modifier le contenu des pr\u00e9sentes conditions g\u00e9n\u00e9rales. Les modifications seront annonc\u00e9es sur le site web.  <\/p><h2 class=\"p1\">15. Droit applicable<\/h2><p>Tous les accords conclus avec DZJING sont soumis au droit belge. Tout litige entre les parties sera soumis exclusivement au tribunal comp\u00e9tent en Belgique. L&rsquo;acheteur peut exercer son droit de renonciation dans les quatorze jours suivant la livraison du produit ou la signature d&rsquo;un contrat de service, sans p\u00e9nalit\u00e9 et sans indication de motif.  <\/p>\t\t\t\t\t\t\t\t<\/div>\n\t\t\t\t<\/div>\n\t\t\t\t\t<\/div>\n\t\t\t\t<\/div>\n\t\t\t\t<\/div>\n\t\t","protected":false},"excerpt":{"rendered":"<p>Conditions g\u00e9n\u00e9rales d&rsquo;utilisation 1. Conditions g\u00e9n\u00e9rales de validit\u00e9 Le site web dzjing.be est la propri\u00e9t\u00e9 de DZJING BV. Le vendeur DZJING BV est enregistr\u00e9 sous le num\u00e9ro de TVA BE0767509233. Chaque commande vaut acceptation des conditions g\u00e9n\u00e9rales par l&rsquo;acheteur. Ces conditions g\u00e9n\u00e9rales font partie int\u00e9grante du contrat tel que d\u00e9crit ci-dessous. DZJING BVBronstraat 77\/4+32474345309info@dzjing.beNum\u00e9ro de [&hellip;]<\/p>\n","protected":false},"author":1,"featured_media":0,"parent":0,"menu_order":0,"comment_status":"closed","ping_status":"closed","template":"elementor_header_footer","meta":{"_acf_changed":false,"_monsterinsights_skip_tracking":false,"_monsterinsights_sitenote_active":false,"_monsterinsights_sitenote_note":"","_monsterinsights_sitenote_category":0,"footnotes":""},"class_list":["post-2523","page","type-page","status-publish","hentry"],"acf":[],"yoast_head":"<!-- This site is optimized with the Yoast SEO plugin v27.5 - https:\/\/yoast.com\/product\/yoast-seo-wordpress\/ -->\n<title>Conditions g\u00e9n\u00e9rales d&#039;utilisation - DZJiNG<\/title>\n<meta name=\"robots\" content=\"index, follow, max-snippet:-1, max-image-preview:large, max-video-preview:-1\" \/>\n<link rel=\"canonical\" href=\"https:\/\/dzjing.be\/fr\/conditions-generales-dutilisation\/\" \/>\n<meta property=\"og:locale\" content=\"fr_FR\" \/>\n<meta property=\"og:type\" content=\"article\" \/>\n<meta property=\"og:title\" content=\"Conditions g\u00e9n\u00e9rales d&#039;utilisation - DZJiNG\" \/>\n<meta property=\"og:description\" content=\"Conditions g\u00e9n\u00e9rales d&rsquo;utilisation 1. Conditions g\u00e9n\u00e9rales de validit\u00e9 Le site web dzjing.be est la propri\u00e9t\u00e9 de DZJING BV. Le vendeur DZJING BV est enregistr\u00e9 sous le num\u00e9ro de TVA BE0767509233. Chaque commande vaut acceptation des conditions g\u00e9n\u00e9rales par l&rsquo;acheteur. Ces conditions g\u00e9n\u00e9rales font partie int\u00e9grante du contrat tel que d\u00e9crit ci-dessous. DZJING BVBronstraat 77\/4+32474345309info@dzjing.beNum\u00e9ro de [&hellip;]\" \/>\n<meta property=\"og:url\" content=\"https:\/\/dzjing.be\/fr\/conditions-generales-dutilisation\/\" \/>\n<meta property=\"og:site_name\" content=\"DZJiNG\" \/>\n<meta property=\"article:modified_time\" content=\"2025-06-02T16:30:40+00:00\" \/>\n<meta name=\"twitter:card\" content=\"summary_large_image\" \/>\n<meta name=\"twitter:label1\" content=\"Dur\u00e9e de lecture estim\u00e9e\" \/>\n\t<meta name=\"twitter:data1\" content=\"9 minutes\" \/>\n<script type=\"application\/ld+json\" class=\"yoast-schema-graph\">{\"@context\":\"https:\\\/\\\/schema.org\",\"@graph\":[{\"@type\":\"WebPage\",\"@id\":\"https:\\\/\\\/dzjing.be\\\/fr\\\/conditions-generales-dutilisation\\\/\",\"url\":\"https:\\\/\\\/dzjing.be\\\/fr\\\/conditions-generales-dutilisation\\\/\",\"name\":\"Conditions g\u00e9n\u00e9rales d'utilisation - DZJiNG\",\"isPartOf\":{\"@id\":\"https:\\\/\\\/dzjing.be\\\/fr\\\/#website\"},\"datePublished\":\"2025-03-21T13:20:39+00:00\",\"dateModified\":\"2025-06-02T16:30:40+00:00\",\"breadcrumb\":{\"@id\":\"https:\\\/\\\/dzjing.be\\\/fr\\\/conditions-generales-dutilisation\\\/#breadcrumb\"},\"inLanguage\":\"fr-FR\",\"potentialAction\":[{\"@type\":\"ReadAction\",\"target\":[\"https:\\\/\\\/dzjing.be\\\/fr\\\/conditions-generales-dutilisation\\\/\"]}]},{\"@type\":\"BreadcrumbList\",\"@id\":\"https:\\\/\\\/dzjing.be\\\/fr\\\/conditions-generales-dutilisation\\\/#breadcrumb\",\"itemListElement\":[{\"@type\":\"ListItem\",\"position\":1,\"name\":\"Accueil\",\"item\":\"https:\\\/\\\/dzjing.be\\\/fr\\\/\"},{\"@type\":\"ListItem\",\"position\":2,\"name\":\"Conditions g\u00e9n\u00e9rales d&#8217;utilisation\"}]},{\"@type\":\"WebSite\",\"@id\":\"https:\\\/\\\/dzjing.be\\\/fr\\\/#website\",\"url\":\"https:\\\/\\\/dzjing.be\\\/fr\\\/\",\"name\":\"DZJiNG\",\"description\":\"A ginger story\",\"publisher\":{\"@id\":\"https:\\\/\\\/dzjing.be\\\/fr\\\/#organization\"},\"potentialAction\":[{\"@type\":\"SearchAction\",\"target\":{\"@type\":\"EntryPoint\",\"urlTemplate\":\"https:\\\/\\\/dzjing.be\\\/fr\\\/?s={search_term_string}\"},\"query-input\":{\"@type\":\"PropertyValueSpecification\",\"valueRequired\":true,\"valueName\":\"search_term_string\"}}],\"inLanguage\":\"fr-FR\"},{\"@type\":\"Organization\",\"@id\":\"https:\\\/\\\/dzjing.be\\\/fr\\\/#organization\",\"name\":\"DZJiNG\",\"url\":\"https:\\\/\\\/dzjing.be\\\/fr\\\/\",\"logo\":{\"@type\":\"ImageObject\",\"inLanguage\":\"fr-FR\",\"@id\":\"https:\\\/\\\/dzjing.be\\\/fr\\\/#\\\/schema\\\/logo\\\/image\\\/\",\"url\":\"https:\\\/\\\/dzjing.be\\\/wp-content\\\/uploads\\\/2025\\\/03\\\/dzjing-logo.svg\",\"contentUrl\":\"https:\\\/\\\/dzjing.be\\\/wp-content\\\/uploads\\\/2025\\\/03\\\/dzjing-logo.svg\",\"width\":250,\"height\":160,\"caption\":\"DZJiNG\"},\"image\":{\"@id\":\"https:\\\/\\\/dzjing.be\\\/fr\\\/#\\\/schema\\\/logo\\\/image\\\/\"}}]}<\/script>\n<!-- \/ Yoast SEO plugin. -->","yoast_head_json":{"title":"Conditions g\u00e9n\u00e9rales d'utilisation - DZJiNG","robots":{"index":"index","follow":"follow","max-snippet":"max-snippet:-1","max-image-preview":"max-image-preview:large","max-video-preview":"max-video-preview:-1"},"canonical":"https:\/\/dzjing.be\/fr\/conditions-generales-dutilisation\/","og_locale":"fr_FR","og_type":"article","og_title":"Conditions g\u00e9n\u00e9rales d'utilisation - DZJiNG","og_description":"Conditions g\u00e9n\u00e9rales d&rsquo;utilisation 1. Conditions g\u00e9n\u00e9rales de validit\u00e9 Le site web dzjing.be est la propri\u00e9t\u00e9 de DZJING BV. Le vendeur DZJING BV est enregistr\u00e9 sous le num\u00e9ro de TVA BE0767509233. Chaque commande vaut acceptation des conditions g\u00e9n\u00e9rales par l&rsquo;acheteur. Ces conditions g\u00e9n\u00e9rales font partie int\u00e9grante du contrat tel que d\u00e9crit ci-dessous. DZJING BVBronstraat 77\/4+32474345309info@dzjing.beNum\u00e9ro de [&hellip;]","og_url":"https:\/\/dzjing.be\/fr\/conditions-generales-dutilisation\/","og_site_name":"DZJiNG","article_modified_time":"2025-06-02T16:30:40+00:00","twitter_card":"summary_large_image","twitter_misc":{"Dur\u00e9e de lecture estim\u00e9e":"9 minutes"},"schema":{"@context":"https:\/\/schema.org","@graph":[{"@type":"WebPage","@id":"https:\/\/dzjing.be\/fr\/conditions-generales-dutilisation\/","url":"https:\/\/dzjing.be\/fr\/conditions-generales-dutilisation\/","name":"Conditions g\u00e9n\u00e9rales d'utilisation - DZJiNG","isPartOf":{"@id":"https:\/\/dzjing.be\/fr\/#website"},"datePublished":"2025-03-21T13:20:39+00:00","dateModified":"2025-06-02T16:30:40+00:00","breadcrumb":{"@id":"https:\/\/dzjing.be\/fr\/conditions-generales-dutilisation\/#breadcrumb"},"inLanguage":"fr-FR","potentialAction":[{"@type":"ReadAction","target":["https:\/\/dzjing.be\/fr\/conditions-generales-dutilisation\/"]}]},{"@type":"BreadcrumbList","@id":"https:\/\/dzjing.be\/fr\/conditions-generales-dutilisation\/#breadcrumb","itemListElement":[{"@type":"ListItem","position":1,"name":"Accueil","item":"https:\/\/dzjing.be\/fr\/"},{"@type":"ListItem","position":2,"name":"Conditions g\u00e9n\u00e9rales d&#8217;utilisation"}]},{"@type":"WebSite","@id":"https:\/\/dzjing.be\/fr\/#website","url":"https:\/\/dzjing.be\/fr\/","name":"DZJiNG","description":"A ginger story","publisher":{"@id":"https:\/\/dzjing.be\/fr\/#organization"},"potentialAction":[{"@type":"SearchAction","target":{"@type":"EntryPoint","urlTemplate":"https:\/\/dzjing.be\/fr\/?s={search_term_string}"},"query-input":{"@type":"PropertyValueSpecification","valueRequired":true,"valueName":"search_term_string"}}],"inLanguage":"fr-FR"},{"@type":"Organization","@id":"https:\/\/dzjing.be\/fr\/#organization","name":"DZJiNG","url":"https:\/\/dzjing.be\/fr\/","logo":{"@type":"ImageObject","inLanguage":"fr-FR","@id":"https:\/\/dzjing.be\/fr\/#\/schema\/logo\/image\/","url":"https:\/\/dzjing.be\/wp-content\/uploads\/2025\/03\/dzjing-logo.svg","contentUrl":"https:\/\/dzjing.be\/wp-content\/uploads\/2025\/03\/dzjing-logo.svg","width":250,"height":160,"caption":"DZJiNG"},"image":{"@id":"https:\/\/dzjing.be\/fr\/#\/schema\/logo\/image\/"}}]}},"_links":{"self":[{"href":"https:\/\/dzjing.be\/fr\/wp-json\/wp\/v2\/pages\/2523","targetHints":{"allow":["GET"]}}],"collection":[{"href":"https:\/\/dzjing.be\/fr\/wp-json\/wp\/v2\/pages"}],"about":[{"href":"https:\/\/dzjing.be\/fr\/wp-json\/wp\/v2\/types\/page"}],"author":[{"embeddable":true,"href":"https:\/\/dzjing.be\/fr\/wp-json\/wp\/v2\/users\/1"}],"replies":[{"embeddable":true,"href":"https:\/\/dzjing.be\/fr\/wp-json\/wp\/v2\/comments?post=2523"}],"version-history":[{"count":0,"href":"https:\/\/dzjing.be\/fr\/wp-json\/wp\/v2\/pages\/2523\/revisions"}],"wp:attachment":[{"href":"https:\/\/dzjing.be\/fr\/wp-json\/wp\/v2\/media?parent=2523"}],"curies":[{"name":"wp","href":"https:\/\/api.w.org\/{rel}","templated":true}]}}