{"id":2554,"date":"2025-03-05T13:45:05","date_gmt":"2025-03-05T12:45:05","guid":{"rendered":"https:\/\/dzjing.be\/politique-de-confidentialite\/"},"modified":"2025-06-02T18:46:15","modified_gmt":"2025-06-02T16:46:15","slug":"politique-de-confidentialite","status":"publish","type":"page","link":"https:\/\/dzjing.be\/fr\/politique-de-confidentialite\/","title":{"rendered":"Politique de confidentialit\u00e9"},"content":{"rendered":"\t\t<div data-elementor-type=\"wp-page\" data-elementor-id=\"2554\" class=\"elementor elementor-2554 elementor-3\" data-elementor-settings=\"{&quot;element_pack_global_tooltip_width&quot;:{&quot;unit&quot;:&quot;px&quot;,&quot;size&quot;:&quot;&quot;,&quot;sizes&quot;:[]},&quot;element_pack_global_tooltip_width_tablet&quot;:{&quot;unit&quot;:&quot;px&quot;,&quot;size&quot;:&quot;&quot;,&quot;sizes&quot;:[]},&quot;element_pack_global_tooltip_width_mobile&quot;:{&quot;unit&quot;:&quot;px&quot;,&quot;size&quot;:&quot;&quot;,&quot;sizes&quot;:[]},&quot;element_pack_global_tooltip_padding&quot;:{&quot;unit&quot;:&quot;px&quot;,&quot;top&quot;:&quot;&quot;,&quot;right&quot;:&quot;&quot;,&quot;bottom&quot;:&quot;&quot;,&quot;left&quot;:&quot;&quot;,&quot;isLinked&quot;:true},&quot;element_pack_global_tooltip_padding_tablet&quot;:{&quot;unit&quot;:&quot;px&quot;,&quot;top&quot;:&quot;&quot;,&quot;right&quot;:&quot;&quot;,&quot;bottom&quot;:&quot;&quot;,&quot;left&quot;:&quot;&quot;,&quot;isLinked&quot;:true},&quot;element_pack_global_tooltip_padding_mobile&quot;:{&quot;unit&quot;:&quot;px&quot;,&quot;top&quot;:&quot;&quot;,&quot;right&quot;:&quot;&quot;,&quot;bottom&quot;:&quot;&quot;,&quot;left&quot;:&quot;&quot;,&quot;isLinked&quot;:true},&quot;element_pack_global_tooltip_border_radius&quot;:{&quot;unit&quot;:&quot;px&quot;,&quot;top&quot;:&quot;&quot;,&quot;right&quot;:&quot;&quot;,&quot;bottom&quot;:&quot;&quot;,&quot;left&quot;:&quot;&quot;,&quot;isLinked&quot;:true},&quot;element_pack_global_tooltip_border_radius_tablet&quot;:{&quot;unit&quot;:&quot;px&quot;,&quot;top&quot;:&quot;&quot;,&quot;right&quot;:&quot;&quot;,&quot;bottom&quot;:&quot;&quot;,&quot;left&quot;:&quot;&quot;,&quot;isLinked&quot;:true},&quot;element_pack_global_tooltip_border_radius_mobile&quot;:{&quot;unit&quot;:&quot;px&quot;,&quot;top&quot;:&quot;&quot;,&quot;right&quot;:&quot;&quot;,&quot;bottom&quot;:&quot;&quot;,&quot;left&quot;:&quot;&quot;,&quot;isLinked&quot;:true}}\" data-elementor-post-type=\"page\">\n\t\t\t\t<div data-dce-background-image-url=\"https:\/\/dzjing.be\/wp-content\/uploads\/2025\/03\/stylized-map-33.png\" class=\"elementor-element elementor-element-792dcb2 e-flex e-con-boxed e-con e-parent\" data-id=\"792dcb2\" data-element_type=\"container\" data-e-type=\"container\" data-settings=\"{&quot;background_background&quot;:&quot;classic&quot;}\">\n\t\t\t\t\t<div class=\"e-con-inner\">\n\t\t<div class=\"elementor-element elementor-element-a9ee49c e-con-full e-flex e-con e-child\" data-id=\"a9ee49c\" data-element_type=\"container\" data-e-type=\"container\">\n\t\t\t\t<div class=\"elementor-element elementor-element-43e7a05 elementor-widget elementor-widget-heading\" data-id=\"43e7a05\" data-element_type=\"widget\" data-e-type=\"widget\" data-widget_type=\"heading.default\">\n\t\t\t\t<div class=\"elementor-widget-container\">\n\t\t\t\t\t<h1 class=\"elementor-heading-title elementor-size-default\">Politique de confidentialit\u00e9<\/h1>\t\t\t\t<\/div>\n\t\t\t\t<\/div>\n\t\t\t\t<\/div>\n\t\t\t\t\t<\/div>\n\t\t\t\t<\/div>\n\t\t<div class=\"elementor-element elementor-element-558bcfdf e-flex e-con-boxed e-con e-parent\" data-id=\"558bcfdf\" data-element_type=\"container\" data-e-type=\"container\">\n\t\t\t\t\t<div class=\"e-con-inner\">\n\t\t\t\t<div class=\"elementor-element elementor-element-29f5138e elementor-widget elementor-widget-text-editor\" data-id=\"29f5138e\" data-element_type=\"widget\" data-e-type=\"widget\" data-widget_type=\"text-editor.default\">\n\t\t\t\t<div class=\"elementor-widget-container\">\n\t\t\t\t\t\t\t\t\t<h2><b>Politique de confidentialit\u00e9 DZJiNG<\/b><\/h2><p class=\"p3\">Cette politique de confidentialit\u00e9 explique quelles donn\u00e9es personnelles nous collectons, pourquoi nous le faisons et comment nous les prot\u00e9geons. Pour ce faire, nous nous conformons au GDPR (r\u00e8glement UE 2016\/679).<\/p><h3><b>1. Donn\u00e9es personnelles<\/b><\/h3><p class=\"p3\">Nous recueillons notamment le nom, l&rsquo;adresse, l&rsquo;e-mail, le num\u00e9ro de t\u00e9l\u00e9phone, l&rsquo;adresse IP, les informations de paiement et l&rsquo;historique des achats. Ces donn\u00e9es permettent de vous identifier en tant que personne et sont n\u00e9cessaires pour fournir correctement nos services.<\/p><h3><b>2. La s\u00e9curit\u00e9<\/b><\/h3><p class=\"p3\">Nous prenons des mesures techniques et organisationnelles pour prot\u00e9ger vos donn\u00e9es. Seules les personnes autoris\u00e9es y ont acc\u00e8s. Les donn\u00e9es incorrectes ou obsol\u00e8tes seront corrig\u00e9es ou supprim\u00e9es. Sans ces donn\u00e9es, nous ne pouvons pas fournir nos produits et services. Pour le marketing direct, nous utilisons un profilage limit\u00e9.<\/p><h3><b>3. Objectifs<\/b><\/h3><p class=\"p3\">Vos donn\u00e9es sont trait\u00e9es \u00e0 des fins de gestion de la client\u00e8le, de traitement des commandes, de facturation, de service, de marketing (sous r\u00e9serve de consentement), de statistiques et d&rsquo;am\u00e9lioration de notre site web et de notre fonctionnement.<\/p><h3><b>4. Base juridique<\/b><\/h3><p class=\"p3\">Nous traitons les donn\u00e9es sur la base de :<\/p><ul><li><p class=\"p1\">Permission<\/p><\/li><li><p class=\"p1\">Ex\u00e9cution d&rsquo;un accord<\/p><\/li><li><p class=\"p1\">Obligation l\u00e9gale<\/p><\/li><li><p class=\"p1\">Int\u00e9r\u00eat l\u00e9gitime (tel que le service \u00e0 la client\u00e8le ou la pr\u00e9vention de la fraude)<\/p><\/li><\/ul><h3><b>5. Partage des donn\u00e9es<\/b><\/h3><p class=\"p3\">Les donn\u00e9es seront partag\u00e9es avec :<\/p><ul><li><p class=\"p1\">Prestataire de paiement Mollie B.V., Keizersgracht 313, Amsterdam<\/p><\/li><li><p class=\"p1\">Partenaires logistiques et fournisseurs pour l&rsquo;ex\u00e9cution des commandes<\/p><\/li><li><p class=\"p1\">Autorit\u00e9s l\u00e9gales si n\u00e9cessaire<\/p><\/li><\/ul><p class=\"p3\">Aucune donn\u00e9e n&rsquo;est transf\u00e9r\u00e9e en dehors de l&rsquo;UE sans garanties appropri\u00e9es.<\/p><h3><b>6. P\u00e9riode de conservation<\/b><\/h3><p class=\"p3\">Les donn\u00e9es personnelles sont conserv\u00e9es aussi longtemps que vous \u00eates client et pendant 10 ans apr\u00e8s la derni\u00e8re collaboration. Il s&rsquo;agit de respecter les obligations l\u00e9gales, de r\u00e9soudre les litiges et de pr\u00e9venir les abus.<\/p><h3><b>7. Vos droits<\/b><\/h3><p class=\"p3\">Vous disposez de droits d&rsquo;acc\u00e8s, de rectification, d&rsquo;effacement, de restriction, de portabilit\u00e9 et d&rsquo;opposition. Vous pouvez retirer votre consentement \u00e0 tout moment. Contactez-nous \u00e0 l&rsquo;adresse suivante <span class=\"s2\"><b>info@dzjing.be<\/b><\/span>. Nous vous r\u00e9pondrons dans un d\u00e9lai d&rsquo;un mois.<\/p><h3><b>8. Plaintes<\/b><\/h3><p class=\"p3\">Vous n&rsquo;\u00eates pas satisfait ? D\u00e9posez une plainte aupr\u00e8s de l&rsquo;Autorit\u00e9 de protection des donn\u00e9es :<\/p><p class=\"p3\">Drukpersstraat 35, 1000 Bruxelles &#8211; <a href=\"https:\/\/www.gegevensbeschermingsautoriteit.be\">www.gegevensbeschermingsautoriteit.be<\/a><\/p><h3><b>9. Changements<\/b><\/h3><p class=\"p3\">Nous pouvons modifier cette politique sans pr\u00e9avis. Consultez r\u00e9guli\u00e8rement cette page pour des mises \u00e0 jour.<\/p>\t\t\t\t\t\t\t\t<\/div>\n\t\t\t\t<\/div>\n\t\t\t\t\t<\/div>\n\t\t\t\t<\/div>\n\t\t\t\t<\/div>\n\t\t","protected":false},"excerpt":{"rendered":"<p>Politique de confidentialit\u00e9 Politique de confidentialit\u00e9 DZJiNG Cette politique de confidentialit\u00e9 explique quelles donn\u00e9es personnelles nous collectons, pourquoi nous le faisons et comment nous les prot\u00e9geons. Pour ce faire, nous nous conformons au GDPR (r\u00e8glement UE 2016\/679). 1. Donn\u00e9es personnelles Nous recueillons notamment le nom, l&rsquo;adresse, l&rsquo;e-mail, le num\u00e9ro de t\u00e9l\u00e9phone, l&rsquo;adresse IP, les informations [&hellip;]<\/p>\n","protected":false},"author":1,"featured_media":0,"parent":0,"menu_order":0,"comment_status":"closed","ping_status":"open","template":"elementor_header_footer","meta":{"_acf_changed":false,"_monsterinsights_skip_tracking":false,"_monsterinsights_sitenote_active":false,"_monsterinsights_sitenote_note":"","_monsterinsights_sitenote_category":0,"footnotes":""},"class_list":["post-2554","page","type-page","status-publish","hentry"],"acf":[],"yoast_head":"<!-- This site is optimized with the Yoast SEO plugin v27.5 - https:\/\/yoast.com\/product\/yoast-seo-wordpress\/ -->\n<title>Politique de confidentialit\u00e9 - DZJiNG<\/title>\n<meta name=\"robots\" content=\"index, follow, max-snippet:-1, max-image-preview:large, max-video-preview:-1\" \/>\n<link rel=\"canonical\" href=\"https:\/\/dzjing.be\/fr\/politique-de-confidentialite\/\" \/>\n<meta property=\"og:locale\" content=\"fr_FR\" \/>\n<meta property=\"og:type\" content=\"article\" \/>\n<meta property=\"og:title\" content=\"Politique de confidentialit\u00e9 - DZJiNG\" \/>\n<meta property=\"og:description\" content=\"Politique de confidentialit\u00e9 Politique de confidentialit\u00e9 DZJiNG Cette politique de confidentialit\u00e9 explique quelles donn\u00e9es personnelles nous collectons, pourquoi nous le faisons et comment nous les prot\u00e9geons. Pour ce faire, nous nous conformons au GDPR (r\u00e8glement UE 2016\/679). 1. Donn\u00e9es personnelles Nous recueillons notamment le nom, l&rsquo;adresse, l&rsquo;e-mail, le num\u00e9ro de t\u00e9l\u00e9phone, l&rsquo;adresse IP, les informations [&hellip;]\" \/>\n<meta property=\"og:url\" content=\"https:\/\/dzjing.be\/fr\/politique-de-confidentialite\/\" \/>\n<meta property=\"og:site_name\" content=\"DZJiNG\" \/>\n<meta property=\"article:modified_time\" content=\"2025-06-02T16:46:15+00:00\" \/>\n<meta name=\"twitter:card\" content=\"summary_large_image\" \/>\n<meta name=\"twitter:label1\" content=\"Dur\u00e9e de lecture estim\u00e9e\" \/>\n\t<meta name=\"twitter:data1\" content=\"2 minutes\" \/>\n<script type=\"application\/ld+json\" class=\"yoast-schema-graph\">{\"@context\":\"https:\\\/\\\/schema.org\",\"@graph\":[{\"@type\":\"WebPage\",\"@id\":\"https:\\\/\\\/dzjing.be\\\/fr\\\/politique-de-confidentialite\\\/\",\"url\":\"https:\\\/\\\/dzjing.be\\\/fr\\\/politique-de-confidentialite\\\/\",\"name\":\"Politique de confidentialit\u00e9 - DZJiNG\",\"isPartOf\":{\"@id\":\"https:\\\/\\\/dzjing.be\\\/fr\\\/#website\"},\"datePublished\":\"2025-03-05T12:45:05+00:00\",\"dateModified\":\"2025-06-02T16:46:15+00:00\",\"breadcrumb\":{\"@id\":\"https:\\\/\\\/dzjing.be\\\/fr\\\/politique-de-confidentialite\\\/#breadcrumb\"},\"inLanguage\":\"fr-FR\",\"potentialAction\":[{\"@type\":\"ReadAction\",\"target\":[\"https:\\\/\\\/dzjing.be\\\/fr\\\/politique-de-confidentialite\\\/\"]}]},{\"@type\":\"BreadcrumbList\",\"@id\":\"https:\\\/\\\/dzjing.be\\\/fr\\\/politique-de-confidentialite\\\/#breadcrumb\",\"itemListElement\":[{\"@type\":\"ListItem\",\"position\":1,\"name\":\"Accueil\",\"item\":\"https:\\\/\\\/dzjing.be\\\/fr\\\/\"},{\"@type\":\"ListItem\",\"position\":2,\"name\":\"Politique de confidentialit\u00e9\"}]},{\"@type\":\"WebSite\",\"@id\":\"https:\\\/\\\/dzjing.be\\\/fr\\\/#website\",\"url\":\"https:\\\/\\\/dzjing.be\\\/fr\\\/\",\"name\":\"DZJiNG\",\"description\":\"A ginger story\",\"publisher\":{\"@id\":\"https:\\\/\\\/dzjing.be\\\/fr\\\/#organization\"},\"potentialAction\":[{\"@type\":\"SearchAction\",\"target\":{\"@type\":\"EntryPoint\",\"urlTemplate\":\"https:\\\/\\\/dzjing.be\\\/fr\\\/?s={search_term_string}\"},\"query-input\":{\"@type\":\"PropertyValueSpecification\",\"valueRequired\":true,\"valueName\":\"search_term_string\"}}],\"inLanguage\":\"fr-FR\"},{\"@type\":\"Organization\",\"@id\":\"https:\\\/\\\/dzjing.be\\\/fr\\\/#organization\",\"name\":\"DZJiNG\",\"url\":\"https:\\\/\\\/dzjing.be\\\/fr\\\/\",\"logo\":{\"@type\":\"ImageObject\",\"inLanguage\":\"fr-FR\",\"@id\":\"https:\\\/\\\/dzjing.be\\\/fr\\\/#\\\/schema\\\/logo\\\/image\\\/\",\"url\":\"https:\\\/\\\/dzjing.be\\\/wp-content\\\/uploads\\\/2025\\\/03\\\/dzjing-logo.svg\",\"contentUrl\":\"https:\\\/\\\/dzjing.be\\\/wp-content\\\/uploads\\\/2025\\\/03\\\/dzjing-logo.svg\",\"width\":250,\"height\":160,\"caption\":\"DZJiNG\"},\"image\":{\"@id\":\"https:\\\/\\\/dzjing.be\\\/fr\\\/#\\\/schema\\\/logo\\\/image\\\/\"}}]}<\/script>\n<!-- \/ Yoast SEO plugin. -->","yoast_head_json":{"title":"Politique de confidentialit\u00e9 - DZJiNG","robots":{"index":"index","follow":"follow","max-snippet":"max-snippet:-1","max-image-preview":"max-image-preview:large","max-video-preview":"max-video-preview:-1"},"canonical":"https:\/\/dzjing.be\/fr\/politique-de-confidentialite\/","og_locale":"fr_FR","og_type":"article","og_title":"Politique de confidentialit\u00e9 - DZJiNG","og_description":"Politique de confidentialit\u00e9 Politique de confidentialit\u00e9 DZJiNG Cette politique de confidentialit\u00e9 explique quelles donn\u00e9es personnelles nous collectons, pourquoi nous le faisons et comment nous les prot\u00e9geons. Pour ce faire, nous nous conformons au GDPR (r\u00e8glement UE 2016\/679). 1. Donn\u00e9es personnelles Nous recueillons notamment le nom, l&rsquo;adresse, l&rsquo;e-mail, le num\u00e9ro de t\u00e9l\u00e9phone, l&rsquo;adresse IP, les informations [&hellip;]","og_url":"https:\/\/dzjing.be\/fr\/politique-de-confidentialite\/","og_site_name":"DZJiNG","article_modified_time":"2025-06-02T16:46:15+00:00","twitter_card":"summary_large_image","twitter_misc":{"Dur\u00e9e de lecture estim\u00e9e":"2 minutes"},"schema":{"@context":"https:\/\/schema.org","@graph":[{"@type":"WebPage","@id":"https:\/\/dzjing.be\/fr\/politique-de-confidentialite\/","url":"https:\/\/dzjing.be\/fr\/politique-de-confidentialite\/","name":"Politique de confidentialit\u00e9 - DZJiNG","isPartOf":{"@id":"https:\/\/dzjing.be\/fr\/#website"},"datePublished":"2025-03-05T12:45:05+00:00","dateModified":"2025-06-02T16:46:15+00:00","breadcrumb":{"@id":"https:\/\/dzjing.be\/fr\/politique-de-confidentialite\/#breadcrumb"},"inLanguage":"fr-FR","potentialAction":[{"@type":"ReadAction","target":["https:\/\/dzjing.be\/fr\/politique-de-confidentialite\/"]}]},{"@type":"BreadcrumbList","@id":"https:\/\/dzjing.be\/fr\/politique-de-confidentialite\/#breadcrumb","itemListElement":[{"@type":"ListItem","position":1,"name":"Accueil","item":"https:\/\/dzjing.be\/fr\/"},{"@type":"ListItem","position":2,"name":"Politique de confidentialit\u00e9"}]},{"@type":"WebSite","@id":"https:\/\/dzjing.be\/fr\/#website","url":"https:\/\/dzjing.be\/fr\/","name":"DZJiNG","description":"A ginger story","publisher":{"@id":"https:\/\/dzjing.be\/fr\/#organization"},"potentialAction":[{"@type":"SearchAction","target":{"@type":"EntryPoint","urlTemplate":"https:\/\/dzjing.be\/fr\/?s={search_term_string}"},"query-input":{"@type":"PropertyValueSpecification","valueRequired":true,"valueName":"search_term_string"}}],"inLanguage":"fr-FR"},{"@type":"Organization","@id":"https:\/\/dzjing.be\/fr\/#organization","name":"DZJiNG","url":"https:\/\/dzjing.be\/fr\/","logo":{"@type":"ImageObject","inLanguage":"fr-FR","@id":"https:\/\/dzjing.be\/fr\/#\/schema\/logo\/image\/","url":"https:\/\/dzjing.be\/wp-content\/uploads\/2025\/03\/dzjing-logo.svg","contentUrl":"https:\/\/dzjing.be\/wp-content\/uploads\/2025\/03\/dzjing-logo.svg","width":250,"height":160,"caption":"DZJiNG"},"image":{"@id":"https:\/\/dzjing.be\/fr\/#\/schema\/logo\/image\/"}}]}},"_links":{"self":[{"href":"https:\/\/dzjing.be\/fr\/wp-json\/wp\/v2\/pages\/2554","targetHints":{"allow":["GET"]}}],"collection":[{"href":"https:\/\/dzjing.be\/fr\/wp-json\/wp\/v2\/pages"}],"about":[{"href":"https:\/\/dzjing.be\/fr\/wp-json\/wp\/v2\/types\/page"}],"author":[{"embeddable":true,"href":"https:\/\/dzjing.be\/fr\/wp-json\/wp\/v2\/users\/1"}],"replies":[{"embeddable":true,"href":"https:\/\/dzjing.be\/fr\/wp-json\/wp\/v2\/comments?post=2554"}],"version-history":[{"count":0,"href":"https:\/\/dzjing.be\/fr\/wp-json\/wp\/v2\/pages\/2554\/revisions"}],"wp:attachment":[{"href":"https:\/\/dzjing.be\/fr\/wp-json\/wp\/v2\/media?parent=2554"}],"curies":[{"name":"wp","href":"https:\/\/api.w.org\/{rel}","templated":true}]}}